{"id":21279,"date":"2024-02-19T11:27:48","date_gmt":"2024-02-19T10:27:48","guid":{"rendered":"https:\/\/yourmaki.com\/?page_id=21279"},"modified":"2024-08-28T15:34:41","modified_gmt":"2024-08-28T13:34:41","slug":"branche-ict","status":"publish","type":"page","link":"https:\/\/yourmaki.com\/nl\/branche-ict\/","title":{"rendered":"Branche ICT"},"content":{"rendered":"\n<h1>\n\t\tICT Ondersteuning\n\t<\/h1>\n\t<h2>E\u00e9n Systeem voor al jouw processen<\/h2>\n<p>Met Maki breng je alle essenti\u00eble bedrijfsprocessen samen in \u00e9\u00e9n krachtig systeem. Van klantrelatiebeheer en projectmanagement tot aan de financi\u00eble administratie, alles is onderling verbonden en toegankelijk vanuit een centraal punt.<\/p>\n<p>Elke module binnen Maki is ontwikkeld met oog op duidelijkheid en toegankelijkheid, waardoor zelfs de meest complexe projecten gemakkelijk te beheren zijn. Van real-time updates tot aanpasbare dashboards, wij zorgen ervoor dat je altijd de controle behoudt.<\/p>\n\t\t\t<a href=\"https:\/\/outlook.office365.com\/owa\/calendar\/Makipresentatie@astergroep.onmicrosoft.com\/bookings\/s\/oFzLD6Bbk0GfwLG8HtW9lA2\" target=\"_blank\" rel=\"noopener\" role=\"button\" aria-label=\"Plan een kennismaking met ons\">\n\t\t\t\t\t\t\tPlan een kennismaking met ons\n\t\t<\/a>\n\t\t<h2>\n\t\t\tModules speciaal voor de ICT\n\t\t<\/h2>\n\t\t\t<p>Optimaliseer ICT-projecten met modules die bijdragen aan een effici\u00ebntere workflow.<\/p>\t\t\n\t\t\t\t<img decoding=\"async\" data-src=\"https:\/\/yourmaki.com\/wp-content\/uploads\/2021\/04\/tickets-default2-1.png\" alt=\"Tickets\" itemprop=\"image\" height=\"120\" width=\"120\" title=\"Tickets\" onerror=\"this.style.display='none'\" src=\"data:image\/svg+xml;base64,PHN2ZyB3aWR0aD0iMSIgaGVpZ2h0PSIxIiB4bWxucz0iaHR0cDovL3d3dy53My5vcmcvMjAwMC9zdmciPjwvc3ZnPg==\" class=\"lazyload\" style=\"--smush-placeholder-width: 120px; --smush-placeholder-aspect-ratio: 120\/120;\" \/>\n\t<h2><strong>Tickets<\/strong><\/h2>\n\t<h4>Effici\u00ebntie in klantenservice en incidentbeheer<\/h4>\n\t<p>Beheer klantvragen en incidenten effici\u00ebnt en stel klanten in staat de voortgang van hun eigen tickets actief te volgen. Verhoog de klanttevredenheid met gestroomlijnde communicatie en bied inzicht in de status van elk ticket.<\/p>\n\t\t\t<a href=\"https:\/\/yourmaki.com\/nl\/ticketsysteem\/\" target=\"_blank\" rel=\"noopener\" role=\"button\" aria-label=\"Ontdek Ticket Module\">\n\t\t\t\t\t\t\tOntdek Ticket Module\n\t\t<\/a>\n\t<p>Maandelijks opzegbaar.<\/p>\n\t\t\t\t<img decoding=\"async\" data-src=\"https:\/\/yourmaki.com\/wp-content\/uploads\/2021\/03\/activities-default2.png\" alt=\"Activities\" itemprop=\"image\" height=\"120\" width=\"120\" title=\"Activities\" onerror=\"this.style.display='none'\" src=\"data:image\/svg+xml;base64,PHN2ZyB3aWR0aD0iMSIgaGVpZ2h0PSIxIiB4bWxucz0iaHR0cDovL3d3dy53My5vcmcvMjAwMC9zdmciPjwvc3ZnPg==\" class=\"lazyload\" style=\"--smush-placeholder-width: 120px; --smush-placeholder-aspect-ratio: 120\/120;\" \/>\n\t<h2><strong>Tijdregistratie<\/strong><\/h2>\n\t<h4>Overzicht van gewerkte en (factureerbare) uren<\/h4>\n\t<p>Registreer en beheer gewerkte uren , gekoppeld aan specifieke projecten of taken. Dit biedt nauwkeurige rapportage voor facturatie en budgettering en duidelijke inzicht in de effici\u00ebntie van werkprocessen.<\/p>\n\t\t\t<a href=\"https:\/\/yourmaki.com\/nl\/tijdregistratie\/\" target=\"_blank\" rel=\"noopener\" role=\"button\" aria-label=\"Ontdek Tijdregistratie Module\">\n\t\t\t\t\t\t\tOntdek Tijdregistratie Module\n\t\t<\/a>\n\t<p>Maandelijks opzegbaar.<\/p>\n\t\t\t\t<img decoding=\"async\" data-src=\"https:\/\/yourmaki.com\/wp-content\/uploads\/2021\/03\/project-default2.png\" alt=\"Project\" itemprop=\"image\" height=\"120\" width=\"120\" title=\"Project\" onerror=\"this.style.display='none'\" src=\"data:image\/svg+xml;base64,PHN2ZyB3aWR0aD0iMSIgaGVpZ2h0PSIxIiB4bWxucz0iaHR0cDovL3d3dy53My5vcmcvMjAwMC9zdmciPjwvc3ZnPg==\" class=\"lazyload\" style=\"--smush-placeholder-width: 120px; --smush-placeholder-aspect-ratio: 120\/120;\" \/>\n\t<h2><strong>Projecten<\/strong><\/h2>\n\t<h4>Beheer en optimaliseer je projectplanning<\/h4>\n\t<p>Krijg een helder overzicht van alle lopende projecten, gekoppeld aan klantrelaties. Bewaak de voortgang, minimaliseer e-mailverkeer en houd alle projectgerelateerde gegevens binnen handbereik.<\/p>\n\t\t\t<a href=\"https:\/\/yourmaki.com\/nl\/projectmanagement-tool\/\" target=\"_blank\" rel=\"noopener\" role=\"button\" aria-label=\"Ontdek Projecten Module\">\n\t\t\t\t\t\t\tOntdek Projecten Module\n\t\t<\/a>\n\t<p>Maandelijks opzegbaar.<\/p>\n\t\t\t\t<img decoding=\"async\" data-src=\"https:\/\/yourmaki.com\/wp-content\/uploads\/2021\/04\/relations-default2.png\" alt=\"Relations\" itemprop=\"image\" height=\"120\" width=\"120\" title=\"Relations\" onerror=\"this.style.display='none'\" src=\"data:image\/svg+xml;base64,PHN2ZyB3aWR0aD0iMSIgaGVpZ2h0PSIxIiB4bWxucz0iaHR0cDovL3d3dy53My5vcmcvMjAwMC9zdmciPjwvc3ZnPg==\" class=\"lazyload\" style=\"--smush-placeholder-width: 120px; --smush-placeholder-aspect-ratio: 120\/120;\" \/>\n\t<h2><strong>Relaties<\/strong><\/h2>\n\t<h4>Leg alle contactmomenten<br \/>\nmet klanten vast<\/h4>\n\t<p>Registreer interacties en beheer klantrelaties nauwkeurig met de meest actuele informatie. Volg wat collega&#8217;s hebben besproken en welke afspraken zijn gemaakt voor de toekomst zodat je altijd up-to-date bent.<\/p>\n\t\t\t<a href=\"https:\/\/yourmaki.com\/nl\/relatiemanagement\/\" target=\"_blank\" rel=\"noopener\" role=\"button\" aria-label=\"Ontdek Relatie Module\">\n\t\t\t\t\t\t\tOntdek Relatie Module\n\t\t<\/a>\n\t<p>Maandelijks opzegbaar.<\/p>\n\t\t\t\t<img decoding=\"async\" data-src=\"https:\/\/yourmaki.com\/wp-content\/uploads\/2021\/03\/activities-default2.png\" alt=\"Activities\" itemprop=\"image\" height=\"120\" width=\"120\" title=\"Activities\" onerror=\"this.style.display='none'\" src=\"data:image\/svg+xml;base64,PHN2ZyB3aWR0aD0iMSIgaGVpZ2h0PSIxIiB4bWxucz0iaHR0cDovL3d3dy53My5vcmcvMjAwMC9zdmciPjwvc3ZnPg==\" class=\"lazyload\" style=\"--smush-placeholder-width: 120px; --smush-placeholder-aspect-ratio: 120\/120;\" \/>\n\t<h2><strong>Taken<\/strong><\/h2>\n\t<h4>Plan de dag op basis van<br \/>\neen actuele takenlijst<\/h4>\n\t<p>Beheer persoonlijke en teamtaken effectief. Zie in een oogopslag waar collega&#8217;s mee bezig zijn. Alle informatie is op \u00e9\u00e9n plek beschikbaar, georganiseerd en gesorteerd op vervaldatum.<\/p>\n\t\t\t<a href=\"https:\/\/yourmaki.com\/nl\/taakbeheer\/\" target=\"_blank\" rel=\"noopener\" role=\"button\" aria-label=\"Ontdek Taken Module\">\n\t\t\t\t\t\t\tOntdek Taken Module\n\t\t<\/a>\n\t<p>Maandelijks opzegbaar.<\/p>\n\t<h2>Ontdek de kracht van Maki voor jouw ICT bedrijf: plan een demo In<\/h2>\n<p>Ben je benieuwd hoe Maki jouw ICT-bedrijf kan ondersteunen in effici\u00ebnter klantenbeheer, verbeterde projectoverzichten en gestroomlijnde communicatie? Plan dan een persoonlijke demo met ons in.<\/p>\n<p>Tijdens deze demo lopen we samen door het product heen en laten we zien hoe de verschillende modules kunnen aansluiten bij de unieke behoeften van jouw onderneming. Het is de perfecte kans om al je vragen te stellen en te ontdekken hoe Maki de workflow en klanttevredenheid binnen jouw bedrijf kan verbeteren.<\/p>\n\t\t\t<a href=\"https:\/\/outlook.office365.com\/owa\/calendar\/Makipresentatie@astergroep.onmicrosoft.com\/bookings\/s\/oFzLD6Bbk0GfwLG8HtW9lA2\" target=\"_blank\" rel=\"noopener\" role=\"button\" aria-label=\"Plan een Demo\">\n\t\t\t\t\t\t\tPlan een Demo\n\t\t<\/a>\n\n","protected":false},"excerpt":{"rendered":"<p>ICT Ondersteuning E\u00e9n Systeem voor al jouw processen Met Maki breng je alle essenti\u00eble bedrijfsprocessen samen in \u00e9\u00e9n krachtig systeem. Van klantrelatiebeheer en projectmanagement tot aan de financi\u00eble administratie, alles is onderling verbonden en toegankelijk vanuit een centraal punt. Elke module binnen Maki is ontwikkeld met oog op duidelijkheid en toegankelijkheid, waardoor zelfs de meest&hellip;<\/p>\n","protected":false},"author":11,"featured_media":0,"parent":0,"menu_order":0,"comment_status":"closed","ping_status":"closed","template":"","meta":{"footnotes":""},"class_list":["post-21279","page","type-page","status-publish","hentry"],"_links":{"self":[{"href":"https:\/\/yourmaki.com\/nl\/wp-json\/wp\/v2\/pages\/21279","targetHints":{"allow":["GET"]}}],"collection":[{"href":"https:\/\/yourmaki.com\/nl\/wp-json\/wp\/v2\/pages"}],"about":[{"href":"https:\/\/yourmaki.com\/nl\/wp-json\/wp\/v2\/types\/page"}],"author":[{"embeddable":true,"href":"https:\/\/yourmaki.com\/nl\/wp-json\/wp\/v2\/users\/11"}],"replies":[{"embeddable":true,"href":"https:\/\/yourmaki.com\/nl\/wp-json\/wp\/v2\/comments?post=21279"}],"version-history":[{"count":0,"href":"https:\/\/yourmaki.com\/nl\/wp-json\/wp\/v2\/pages\/21279\/revisions"}],"wp:attachment":[{"href":"https:\/\/yourmaki.com\/nl\/wp-json\/wp\/v2\/media?parent=21279"}],"curies":[{"name":"wp","href":"https:\/\/api.w.org\/{rel}","templated":true}]}}