{"id":2096,"date":"2021-02-15T18:12:21","date_gmt":"2021-02-15T17:12:21","guid":{"rendered":"https:\/\/yourmaki.com\/home\/"},"modified":"2023-06-21T17:30:17","modified_gmt":"2023-06-21T15:30:17","slug":"home","status":"publish","type":"page","link":"https:\/\/yourmaki.com\/nl\/","title":{"rendered":"Home"},"content":{"rendered":"\n<h2><strong>Til jouw bedrijf naar een hoger niveau met Maki<\/strong><\/h2>\n\t<h5>Maki is een <strong>ERP-systeem<\/strong> (Enterprise Resource Planning) dat alle essenti\u00eble functionaliteiten integreert die je nodig hebt om je bedrijf soepel te laten verlopen, in <strong>\u00e9\u00e9n enkel platform<\/strong>.<\/h5>\n<p>&nbsp;<\/p>\n<h5>Als centrale hub voor al jouw zakelijke activiteiten, maakt deze oplossing je workflow effici\u00ebnter, taakplanning eenvoudiger en zorgt het ervoor dat je werkzaamheden gemakkelijk worden afgerond. Uitgerust met de juiste tools, bereik je <strong>meer in minder tijd<\/strong> en behaal je <strong>de beste bedrijfsresultaten<\/strong>!<\/h5>\n\t\t\t\t<img decoding=\"async\" data-src=\"https:\/\/yourmaki.com\/wp-content\/uploads\/2022\/04\/DashboardMaki.png\" alt=\"DashboardMaki\" itemprop=\"image\" height=\"1513\" width=\"2365\" title=\"DashboardMaki\" onerror=\"this.style.display='none'\" src=\"data:image\/svg+xml;base64,PHN2ZyB3aWR0aD0iMSIgaGVpZ2h0PSIxIiB4bWxucz0iaHR0cDovL3d3dy53My5vcmcvMjAwMC9zdmciPjwvc3ZnPg==\" class=\"lazyload\" style=\"--smush-placeholder-width: 2365px; --smush-placeholder-aspect-ratio: 2365\/1513;\" data-srcset=\"https:\/\/yourmaki.com\/wp-content\/uploads\/2022\/04\/DashboardMaki.png 2365w, https:\/\/yourmaki.com\/wp-content\/uploads\/2022\/04\/DashboardMaki-300x192.png 300w, https:\/\/yourmaki.com\/wp-content\/uploads\/2022\/04\/DashboardMaki-1024x655.png 1024w, https:\/\/yourmaki.com\/wp-content\/uploads\/2022\/04\/DashboardMaki-768x491.png 768w, https:\/\/yourmaki.com\/wp-content\/uploads\/2022\/04\/DashboardMaki-1536x983.png 1536w, https:\/\/yourmaki.com\/wp-content\/uploads\/2022\/04\/DashboardMaki-2048x1310.png 2048w\" data-sizes=\"auto\" data-original-sizes=\"(max-width: 2365px) 100vw, 2365px\">\n\t\t<h2>\n\t\t\tLeer Maki kennen\n\t\t<\/h2>\n\t\t\tEen ERP systeem met oplossingen passend bij jouw bedrijf\t\t\n\t\t\t\t\t\t<a href=\"https:\/\/yourmaki.com\/nl\/ticketsysteem\/\" target=\"_self\" rel=\"noopener\">\n\t\t\t\t\t\t\t<img decoding=\"async\" data-src=\"https:\/\/yourmaki.com\/wp-content\/uploads\/2021\/04\/tickets-default2-1.png\" alt=\"Tickets\" width=\"120\" class=\"smush-dimensions lazyload\" style=\"--smush-image-width: 120px; --smush-image-aspect-ratio: 120\/120;\" src=\"data:image\/svg+xml;base64,PHN2ZyB3aWR0aD0iMSIgaGVpZ2h0PSIxIiB4bWxucz0iaHR0cDovL3d3dy53My5vcmcvMjAwMC9zdmciPjwvc3ZnPg==\">\n\t\t\t\t\t\t<\/a>\n\t\t<h3>Tickets<\/h3>\n\t\t\tHoud uw klanten op de hoogte\nmet een inzichtelijk ticketsysteem.\t\t\n\t\t\t\t\n\t\t\t\t\t<a href=\"https:\/\/yourmaki.com\/nl\/ticketsysteem\/\" role=\"button\" target=\"_self\" rel=\"noopener\">\n\t\t\t\t\t\tVerder Lezen\t\t\t\t\t<\/a>\n\t\t\t\t\n\t\t\t\t\t\t<a href=\"https:\/\/yourmaki.com\/nl\/projectmanagement-tool\/\" target=\"_self\" rel=\"noopener\">\n\t\t\t\t\t\t\t<img decoding=\"async\" data-src=\"https:\/\/yourmaki.com\/wp-content\/uploads\/2021\/03\/project-default2.png\" alt=\"Project\" width=\"120\" class=\"smush-dimensions lazyload\" style=\"--smush-image-width: 120px; --smush-image-aspect-ratio: 120\/120;\" src=\"data:image\/svg+xml;base64,PHN2ZyB3aWR0aD0iMSIgaGVpZ2h0PSIxIiB4bWxucz0iaHR0cDovL3d3dy53My5vcmcvMjAwMC9zdmciPjwvc3ZnPg==\">\n\t\t\t\t\t\t<\/a>\n\t\t<h3>Projecten<\/h3>\n\t\t\tBlijf op de hoogte van alles wat er gebeurt in uw\norganisatie\t\t\n\t\t\t\t\n\t\t\t\t\t<a href=\"https:\/\/yourmaki.com\/nl\/projectmanagement-tool\/\" role=\"button\" target=\"_self\" rel=\"noopener\">\n\t\t\t\t\t\tVerder Lezen\t\t\t\t\t<\/a>\n\t\t\t\t\n\t\t\t\t\t\t<a href=\"https:\/\/yourmaki.com\/nl\/taakbeheer\/\" target=\"_self\" rel=\"noopener\">\n\t\t\t\t\t\t\t<img decoding=\"async\" data-src=\"https:\/\/yourmaki.com\/wp-content\/uploads\/2021\/03\/tasks-default2.png\" alt=\"Tasks\" width=\"120\" class=\"smush-dimensions lazyload\" style=\"--smush-image-width: 120px; --smush-image-aspect-ratio: 120\/120;\" src=\"data:image\/svg+xml;base64,PHN2ZyB3aWR0aD0iMSIgaGVpZ2h0PSIxIiB4bWxucz0iaHR0cDovL3d3dy53My5vcmcvMjAwMC9zdmciPjwvc3ZnPg==\">\n\t\t\t\t\t\t<\/a>\n\t\t<h3>Taken<\/h3>\n\t\t\tPlan uw dag\nop basis van uw\nactuele to-dolijst.\t\t\n\t\t\t\t\n\t\t\t\t\t<a href=\"https:\/\/yourmaki.com\/nl\/taakbeheer\/\" role=\"button\" target=\"_self\" rel=\"noopener\">\n\t\t\t\t\t\tVerder Lezen\t\t\t\t\t<\/a>\n\t\t\t\t\n\t\t\t\t\t\t<a href=\"https:\/\/yourmaki.com\/nl\/relatiemanagement\/\" target=\"_self\" rel=\"noopener\">\n\t\t\t\t\t\t\t<img decoding=\"async\" data-src=\"https:\/\/yourmaki.com\/wp-content\/uploads\/2021\/04\/relations-default2.png\" alt=\"Relations\" width=\"120\" class=\"smush-dimensions lazyload\" style=\"--smush-image-width: 120px; --smush-image-aspect-ratio: 120\/120;\" src=\"data:image\/svg+xml;base64,PHN2ZyB3aWR0aD0iMSIgaGVpZ2h0PSIxIiB4bWxucz0iaHR0cDovL3d3dy53My5vcmcvMjAwMC9zdmciPjwvc3ZnPg==\">\n\t\t\t\t\t\t<\/a>\n\t\t<h3>Relaties<\/h3>\n\t\t\tHandel op basis van de nieuwste\ninformatie over uw klanten.\t\t\n\t\t\t\t\n\t\t\t\t\t<a href=\"https:\/\/yourmaki.com\/nl\/relatiemanagement\/\" role=\"button\" target=\"_self\" rel=\"noopener\">\n\t\t\t\t\t\tVerder Lezen\t\t\t\t\t<\/a>\n\t\t\t\t\n\t\t\t\t\t\t<a href=\"https:\/\/yourmaki.com\/nl\/tijdregistratie\/\" target=\"_self\" rel=\"noopener\">\n\t\t\t\t\t\t\t<img decoding=\"async\" data-src=\"https:\/\/yourmaki.com\/wp-content\/uploads\/2021\/03\/activities-default2.png\" alt=\"Activities\" width=\"120\" class=\"smush-dimensions lazyload\" style=\"--smush-image-width: 120px; --smush-image-aspect-ratio: 120\/120;\" src=\"data:image\/svg+xml;base64,PHN2ZyB3aWR0aD0iMSIgaGVpZ2h0PSIxIiB4bWxucz0iaHR0cDovL3d3dy53My5vcmcvMjAwMC9zdmciPjwvc3ZnPg==\">\n\t\t\t\t\t\t<\/a>\n\t\t<h3>Activiteiten<\/h3>\n\t\t\tVolg alle activiteiten\nmet betrekking\ntot taken.\t\t\n\t\t\t\t\n\t\t\t\t\t<a href=\"https:\/\/yourmaki.com\/nl\/tijdregistratie\/\" role=\"button\" target=\"_self\" rel=\"noopener\">\n\t\t\t\t\t\tVerder Lezen\t\t\t\t\t<\/a>\n\t\t\t\t\n\t\t\t\t\t\t<a href=\"https:\/\/yourmaki.com\/nl\/financieel-beheer\/\" target=\"_self\" rel=\"noopener\">\n\t\t\t\t\t\t\t<img decoding=\"async\" data-src=\"https:\/\/yourmaki.com\/wp-content\/uploads\/2021\/04\/finance-default2.png\" alt=\"Finance\" width=\"120\" class=\"smush-dimensions lazyload\" style=\"--smush-image-width: 120px; --smush-image-aspect-ratio: 120\/120;\" src=\"data:image\/svg+xml;base64,PHN2ZyB3aWR0aD0iMSIgaGVpZ2h0PSIxIiB4bWxucz0iaHR0cDovL3d3dy53My5vcmcvMjAwMC9zdmciPjwvc3ZnPg==\">\n\t\t\t\t\t\t<\/a>\n\t\t<h3>Financi\u00ebn<\/h3>\n\t\t\tKrijg inzicht in de financi\u00eble\ngezondheid van uw organisatie.\t\t\n\t\t\t\t\n\t\t\t\t\t<a href=\"https:\/\/yourmaki.com\/nl\/financieel-beheer\/\" role=\"button\" target=\"_self\" rel=\"noopener\">\n\t\t\t\t\t\tVerder Lezen\t\t\t\t\t<\/a>\n\t\t\t\t\n\t\t\t\t\t\t<a href=\"https:\/\/yourmaki.com\/nl\/sales\/\" target=\"_self\" rel=\"noopener\">\n\t\t\t\t\t\t\t<img decoding=\"async\" data-src=\"https:\/\/yourmaki.com\/wp-content\/uploads\/2021\/05\/Sales-default.png\" alt=\"Sales-default\" width=\"120\" class=\"smush-dimensions lazyload\" style=\"--smush-image-width: 120px; --smush-image-aspect-ratio: 120\/120;\" src=\"data:image\/svg+xml;base64,PHN2ZyB3aWR0aD0iMSIgaGVpZ2h0PSIxIiB4bWxucz0iaHR0cDovL3d3dy53My5vcmcvMjAwMC9zdmciPjwvc3ZnPg==\">\n\t\t\t\t\t\t<\/a>\n\t\t<h3>Sales<\/h3>\n\t\t\tNeem de juiste beslissing\nover leads en klanten, op het juiste moment.\t\t\n\t\t\t\t\n\t\t\t\t\t<a href=\"https:\/\/yourmaki.com\/nl\/sales\/\" role=\"button\" target=\"_self\" rel=\"noopener\">\n\t\t\t\t\t\tVerder Lezen\t\t\t\t\t<\/a>\n\t\t\t\t\n\t\t\t\t\t\t<a href=\"https:\/\/yourmaki.com\/nl\/dashboard\/\" target=\"_self\" rel=\"noopener\">\n\t\t\t\t\t\t\t<img decoding=\"async\" data-src=\"https:\/\/yourmaki.com\/wp-content\/uploads\/2021\/04\/dashboard-default2.png\" alt=\"Dashboard\" width=\"120\" class=\"smush-dimensions lazyload\" style=\"--smush-image-width: 120px; --smush-image-aspect-ratio: 120\/120;\" src=\"data:image\/svg+xml;base64,PHN2ZyB3aWR0aD0iMSIgaGVpZ2h0PSIxIiB4bWxucz0iaHR0cDovL3d3dy53My5vcmcvMjAwMC9zdmciPjwvc3ZnPg==\">\n\t\t\t\t\t\t<\/a>\n\t\t<h3>Dashboard<\/h3>\n\t\t\tOptimaliseer uw bedrijfsvoering\nmet realtime data en inzichten.\t\t\n\t\t\t\t\n\t\t\t\t\t<a href=\"https:\/\/yourmaki.com\/nl\/dashboard\/\" role=\"button\" target=\"_self\" rel=\"noopener\">\n\t\t\t\t\t\tVerder Lezen\t\t\t\t\t<\/a>\n\t\t\t\t\n\t\t\t\t\t\t<a href=\"https:\/\/yourmaki.com\/nl\/instellingen\/\" target=\"_self\" rel=\"noopener\">\n\t\t\t\t\t\t\t<img decoding=\"async\" data-src=\"https:\/\/yourmaki.com\/wp-content\/uploads\/2021\/04\/settings-default2.png\" alt=\"Settings\" width=\"120\" class=\"smush-dimensions lazyload\" style=\"--smush-image-width: 120px; --smush-image-aspect-ratio: 120\/120;\" src=\"data:image\/svg+xml;base64,PHN2ZyB3aWR0aD0iMSIgaGVpZ2h0PSIxIiB4bWxucz0iaHR0cDovL3d3dy53My5vcmcvMjAwMC9zdmciPjwvc3ZnPg==\">\n\t\t\t\t\t\t<\/a>\n\t\t<h3>Instellingen<\/h3>\n\t\t\tPas uw platform\ngeheel aan uw wensen aan.\t\t\n\t\t\t\t\n\t\t\t\t\t<a href=\"https:\/\/yourmaki.com\/nl\/instellingen\/\" role=\"button\" target=\"_self\" rel=\"noopener\">\n\t\t\t\t\t\tVerder Lezen\t\t\t\t\t<\/a>\n\t\t\t\t\n\t\t<h2>\n\t\t\tERP systeem met realtime inzichten in bedrijfsvoering\n\t\t<\/h2>\n\t<h5 align=\"center\">Het ERP systeem van Maki is jouw ultieme oplossing, ongeacht de grootte van je bedrijf of de branche waarin je werkt. Onze gebruiksvriendelijke software is speciaal ontworpen om je te helpen je volledige potentieel te bereiken door het stroomlijnen van je activiteiten en het maximaliseren van de effici\u00ebntie. Met Maki&#8217;s alles-in-\u00e9\u00e9n ERP software beheer je moeiteloos alle aspecten van je bedrijf.<\/h5>\n<h5 align=\"center\">Maak vandaag nog gebruik van onze gratis 30-dagen proefperiode en ontdek zelf de kracht van Maki&#8217;s ERP systeem!<\/h5>\n\t\t\t<a href=\"https:\/\/yourmaki.com\/nl\/maak-kennis-met-maki\/\" target=\"_self\" role=\"button\" aria-label=\"Maak kennis met Maki\" rel=\"noopener\">\n\t\t\t\t\t\t\tMaak kennis met Maki\n\t\t<\/a>\n\t\t\t<a href=\"https:\/\/yourmaki.com\/trial\/\" target=\"_blank\" rel=\"noopener\" role=\"button\" aria-label=\"Gratis proefperiode starten\">\n\t\t\t\t\t\t\tGratis proefperiode starten\n\t\t<\/a>\n\t\t<h2>\n\t\t\tBetaal alleen voor wat je gebruikt\n\t\t<\/h2>\n\t\t\t<p>Per user &amp; per module<\/p>\t\t\n\t<h5 align=\"center\">Bij Maki geloven we in het <strong>toegankelijk en betaalbaar<\/strong> maken van ons ERP systeem voor bedrijven van elke omvang. Daarom bieden we een flexibel prijsmodel met oplossingen op maat om aan de unieke behoeften van jouw bedrijf te voldoen.<\/h5>\n<p>&nbsp;<\/p>\n<h5>Houd controle over je kosten. Geen verborgen kosten of langlopende contracten, gewoon een <strong>eenvoudig en transparant<\/strong> prijsmodel dat is ontworpen om aan jouw behoeften te voldoen.<\/h5>\n\t\t\t<h1>Per gebruiker<\/h1><h2>\u20ac 17,50 p\/m<\/h2>\t\t\t\n\t\t\t\t<p>Een maand lang toegang tot Maki voor \u00e9\u00e9n gebruiker, inclusief alle voordelen<\/p>\n\t\t\t<a href=\"https:\/\/yourmaki.com\/nl\/prijzen\/\" target=\"_self\" role=\"button\" aria-label=\"Ontdek onze pakketten\" rel=\"noopener\">\n\t\t\t\t\t\t\tOntdek onze pakketten\n\t\t<\/a>\n\t<p>Krijg toegang tot de basisfunctionaliteiten van Maki<\/p>\n\t\t\t<a href=\"https:\/\/yourmaki.com\/nl\/oplossingen\/\" target=\"_self\" rel=\"noopener\">\n\t\t\t\t\t\t\tMeer weten\n\t\t\t\t\t<\/a>\n\t\t\t<h1>Per module<\/h1><h2>\u20ac 150 p\/m<\/h2>\t\t\t\n\t\t\t\t<p>Voeg waardevolle modules toe aan jouw Maki-ervaring<\/p>\n\t\t\t<a href=\"https:\/\/yourmaki.com\/trial\/\" target=\"_self\" role=\"button\" aria-label=\"Gratis proefperiode starten\" rel=\"noopener\">\n\t\t\t\t\t\t\tGratis proefperiode starten\n\t\t<\/a>\n\t<p>Personaliseer Maki met de modules die jouw bedrijf nodig heeft om succesvol te zijn.<\/p>\n\t\t\t<a href=\"https:\/\/yourmaki.com\/nl\/oplossingen\/\" target=\"_self\" rel=\"noopener\">\n\t\t\t\t\t\t\tOplossingen\n\t\t\t\t\t<\/a>\n\t\t\t<a href=\"https:\/\/yourmaki.com\/nl\/algemene-voorwaarden\/\" target=\"_self\" rel=\"noopener\">\n\t\t\t\t\t\t\tAlgemene voorwaarden\n\t\t\t\t\t<\/a>\n<h3>\n\t\tMaki is integreerbaar met veelgebruikte bedrijfsapplicaties\n\t<\/h3>\n                    <a href=\"https:\/\/yourmaki.com\/nl\/edr\/\" target=\"_self\" rel=\"noopener\">\n\t\t\t\t\t\t\t<img decoding=\"async\" src=\"https:\/\/yourmaki.com\/wp-content\/uploads\/2021\/03\/EDR.png\" alt=\"https:\/\/yourmaki.com\/wp-content\/uploads\/2021\/03\/EDR.png\" data-no-lazy=\"1\" width=\"165\" class=\"smush-dimensions\" style=\"--smush-image-width: 165px; --smush-image-aspect-ratio: 165\/86;\">\n                            <\/a>\n                    <a href=\"https:\/\/yourmaki.com\/nl\/sharepoint\/\" target=\"_self\" rel=\"noopener\">\n\t\t\t\t\t\t\t<img decoding=\"async\" src=\"https:\/\/yourmaki.com\/wp-content\/uploads\/2021\/03\/Office-365.png\" alt=\"https:\/\/yourmaki.com\/wp-content\/uploads\/2021\/03\/Office-365.png\" data-no-lazy=\"1\" width=\"1311\" class=\"smush-dimensions\" style=\"--smush-image-width: 1311px; --smush-image-aspect-ratio: 1311\/288;\" srcset=\"https:\/\/yourmaki.com\/wp-content\/uploads\/2021\/03\/Office-365.png 1311w, https:\/\/yourmaki.com\/wp-content\/uploads\/2021\/03\/Office-365-300x66.png 300w, https:\/\/yourmaki.com\/wp-content\/uploads\/2021\/03\/Office-365-1024x225.png 1024w, https:\/\/yourmaki.com\/wp-content\/uploads\/2021\/03\/Office-365-768x169.png 768w\" sizes=\"(max-width: 1311px) 100vw, 1311px\">\n                            <\/a>\n                    <a href=\"https:\/\/yourmaki.com\/nl\/stiply\/\" target=\"_self\" rel=\"noopener\">\n\t\t\t\t\t\t\t<img decoding=\"async\" src=\"https:\/\/yourmaki.com\/wp-content\/uploads\/2021\/03\/Stiply.png\" alt=\"https:\/\/yourmaki.com\/wp-content\/uploads\/2021\/03\/Stiply.png\" data-no-lazy=\"1\" width=\"500\" class=\"smush-dimensions\" style=\"--smush-image-width: 500px; --smush-image-aspect-ratio: 500\/193;\" srcset=\"https:\/\/yourmaki.com\/wp-content\/uploads\/2021\/03\/Stiply.png 500w, https:\/\/yourmaki.com\/wp-content\/uploads\/2021\/03\/Stiply-300x116.png 300w\" sizes=\"(max-width: 500px) 100vw, 500px\">\n                            <\/a>\n\t\t\t<button>Next<\/button>\n\t\t<button>Previous<\/button>\n\t\t\t<a href=\"https:\/\/yourmaki.com\/nl\/integratie\/\" target=\"_self\" rel=\"noopener\">\n\t\t\t\t\t\t\tMeer over software-integraties\n\t\t\t\t\t<\/a>\n","protected":false},"excerpt":{"rendered":"<p>Til jouw bedrijf naar een hoger niveau met Maki Maki is een ERP-systeem (Enterprise Resource Planning) dat alle essenti\u00eble functionaliteiten integreert die je nodig hebt om je bedrijf soepel te laten verlopen, in \u00e9\u00e9n enkel platform. &nbsp; Als centrale hub voor al jouw zakelijke activiteiten, maakt deze oplossing je workflow effici\u00ebnter, taakplanning eenvoudiger en zorgt&hellip;<\/p>\n","protected":false},"author":11,"featured_media":0,"parent":0,"menu_order":0,"comment_status":"closed","ping_status":"closed","template":"","meta":{"footnotes":""},"class_list":["post-2096","page","type-page","status-publish","hentry"],"_links":{"self":[{"href":"https:\/\/yourmaki.com\/nl\/wp-json\/wp\/v2\/pages\/2096","targetHints":{"allow":["GET"]}}],"collection":[{"href":"https:\/\/yourmaki.com\/nl\/wp-json\/wp\/v2\/pages"}],"about":[{"href":"https:\/\/yourmaki.com\/nl\/wp-json\/wp\/v2\/types\/page"}],"author":[{"embeddable":true,"href":"https:\/\/yourmaki.com\/nl\/wp-json\/wp\/v2\/users\/11"}],"replies":[{"embeddable":true,"href":"https:\/\/yourmaki.com\/nl\/wp-json\/wp\/v2\/comments?post=2096"}],"version-history":[{"count":0,"href":"https:\/\/yourmaki.com\/nl\/wp-json\/wp\/v2\/pages\/2096\/revisions"}],"wp:attachment":[{"href":"https:\/\/yourmaki.com\/nl\/wp-json\/wp\/v2\/media?parent=2096"}],"curies":[{"name":"wp","href":"https:\/\/api.w.org\/{rel}","templated":true}]}}